{"id":1518,"date":"2018-07-16T09:06:11","date_gmt":"2018-07-16T09:06:11","guid":{"rendered":"http:\/\/demo.wpautolistings.com\/?page_id=1518"},"modified":"2024-03-28T12:42:17","modified_gmt":"2024-03-28T10:42:17","slug":"kontaktai","status":"publish","type":"page","link":"http:\/\/www.agbalticautotrade.lt\/en\/kontaktai\/","title":{"rendered":"Contact"},"content":{"rendered":"<h3>MB &#8222;AG Baltic autotrade&#8221;<\/h3>\n<p>\u0410\u0434\u0440\u0435\u0441 \u043a\u043e\u043c\u043f\u0430\u043d\u0438\u0438: 19 Perk\u016bnkiemio g., LT-12120 Vilnius, Lithuania<br \/>Company code: 306139903<br \/>VAT code: LT100015319711<br \/>IBAN:<br \/>AB \u0160iauli\u0173 bankas<br \/>Bank code: 71804<br \/>SWIFT:\u00a0CBSBLT26XXX<\/p>\n<p>Phone: <a href=\"tel:+37069601111\">+370 696 01111<\/a><br \/>Email: <a href=\"mailto:info@agbalticautotrade.lt\">info@agbalticautotrade.lt<\/a><\/p>\n<p><iframe loading=\"lazy\" style=\"border: 0;\" src=\"https:\/\/www.google.com\/maps\/embed?pb=!1m18!1m12!1m3!1d2235.004298315627!2d23.1998369!3d55.9319634!2m3!1f0!2f0!3f0!3m2!1i1024!2i768!4f13.1!3m3!1m2!1s0x46e5e56e044989e7%3A0x7888274da372dc0!2sAG%20Baltic%20autotrade%2C%20MB!5e0!3m2!1slt!2slt!4v1682584208944!5m2!1slt!2slt\" width=\"840\" height=\"400\" allowfullscreen=\"allowfullscreen\"><\/iframe><\/p>\n<h3>Car sales lot<\/h3>\n<p>Address: Jovar\u0173 g. 15, LT-77197 Kupriai, \u0160iauli\u0173 raj., Lietuva<br \/>Phone: <a href=\"tel:+370 618 79222\" rel=\"\">+370 618 79222<\/a><br \/>Email: <a href=\"mailto:info@agbalticautotrade.lt\">info@agbalticautotrade.lt<\/a><\/p>\n<h3>Automobili\u0173 pirkimas JAV aukcionuose<\/h3>\n<p>Address: Jovar\u0173 g. 15, LT-77197 Kupriai, \u0160iauli\u0173 raj., Lietuva<br \/>Phone: <a href=\"tel:+370 663 73170\" rel=\"\">+370 663 73170<\/a><br \/>Email: <a href=\"mailto:siauliai@balticasi.com\">siauliai@balticasi.com<\/a><\/p>\n\n\n<h3 class=\"wp-block-heading\"><\/h3>\n\n\n\n\n\n<div style=\"height:50px\" aria-hidden=\"true\" class=\"wp-block-spacer\"><\/div>","protected":false},"excerpt":{"rendered":"<p>MB &#8222;AG Baltic autotrade&#8221; Registracijos adresas: Perk\u016bnkiemio g. 19, LT-12120 Vilnius, Lietuva\u012emon\u0117s kodas: 306139903PVM mok\u0117tojo kodas: LT100015319711A.s.: LT177189900050467323AB \u0160iauli\u0173 bankasBanko kodas: 71804SWIFT:\u00a0CBSBLT26XXX Tel.: +370 696 01111El-pa\u0161tas: info@agbalticautotrade.lt Automobili\u0173 pardavimo aik\u0161tel\u0117 Adresas: Jovar\u0173 g. 15, LT-77197 Kupriai, \u0160iauli\u0173 raj., LietuvaTel.: +370 618 79222El-pa\u0161tas: info@agbalticautotrade.lt Automobili\u0173 pirkimas JAV aukcionuose Adresas: Jovar\u0173 g.&hellip; <\/p>\n<p class=\"link-more\"><a href=\"http:\/\/www.agbalticautotrade.lt\/en\/kontaktai\/\" class=\"more-link\">Read More<span class=\"screen-reader-text\">Contact<\/span><\/a><\/p>","protected":false},"author":1,"featured_media":0,"parent":0,"menu_order":0,"comment_status":"closed","ping_status":"closed","template":"","meta":{"slim_seo":[],"footnotes":""},"class_list":["post-1518","page","type-page","status-publish","hentry"],"_links":{"self":[{"href":"http:\/\/www.agbalticautotrade.lt\/en\/wp-json\/wp\/v2\/pages\/1518","targetHints":{"allow":["GET"]}}],"collection":[{"href":"http:\/\/www.agbalticautotrade.lt\/en\/wp-json\/wp\/v2\/pages"}],"about":[{"href":"http:\/\/www.agbalticautotrade.lt\/en\/wp-json\/wp\/v2\/types\/page"}],"author":[{"embeddable":true,"href":"http:\/\/www.agbalticautotrade.lt\/en\/wp-json\/wp\/v2\/users\/1"}],"replies":[{"embeddable":true,"href":"http:\/\/www.agbalticautotrade.lt\/en\/wp-json\/wp\/v2\/comments?post=1518"}],"version-history":[{"count":27,"href":"http:\/\/www.agbalticautotrade.lt\/en\/wp-json\/wp\/v2\/pages\/1518\/revisions"}],"predecessor-version":[{"id":11338,"href":"http:\/\/www.agbalticautotrade.lt\/en\/wp-json\/wp\/v2\/pages\/1518\/revisions\/11338"}],"wp:attachment":[{"href":"http:\/\/www.agbalticautotrade.lt\/en\/wp-json\/wp\/v2\/media?parent=1518"}],"curies":[{"name":"wp","href":"https:\/\/api.w.org\/{rel}","templated":true}]}}